{"id":139,"date":"2016-06-08T23:48:34","date_gmt":"2016-06-08T23:48:34","guid":{"rendered":"https:\/\/hotelcity-hamburg.de\/ueber-uns\/?lang=en"},"modified":"2016-06-21T22:01:29","modified_gmt":"2016-06-21T22:01:29","slug":"location","status":"publish","type":"page","link":"https:\/\/hotelcity-hamburg.de\/en\/location\/","title":{"rendered":"Location"},"content":{"rendered":"<p>[vc_row][vc_column width=&#8221;1\/2&#8243;]<div id=\"ultimate-heading-127369f0e53941fcf\" class=\"uvc-heading ult-adjust-bottom-margin ultimate-heading-127369f0e53941fcf uvc-6340 \" data-hspacer=\"no_spacer\"  data-halign=\"left\" style=\"text-align:left\"><div class=\"uvc-heading-spacer no_spacer\" style=\"top\"><\/div><div class=\"uvc-main-heading ult-responsive\"  data-ultimate-target='.uvc-heading.ultimate-heading-127369f0e53941fcf h2'  data-responsive-json-new='{\"font-size\":\"desktop:14px;\",\"line-height\":\"\"}' ><h2 style=\"font-weight:normal;\">Location:<\/h2><\/div><div class=\"uvc-sub-heading ult-responsive\"  data-ultimate-target='.uvc-heading.ultimate-heading-127369f0e53941fcf .uvc-sub-heading '  data-responsive-json-new='{\"font-size\":\"\",\"line-height\":\"\"}'  style=\"font-weight:normal;\"><\/p>\n<p>In the middle of Hamburg downtown<\/p>\n<p>The hotel is quietly situated in a side street called Ellmenreichstra\u00dfe, which is only 2 minutes footway away from the Central Station.<\/p>\n<p>Most of Hamburg attractions, museums are easily accessible by foot or by public transport.<\/p>\n<p>Numerous shopping facilities, restaurants and caf\u00e9s in hamburgs popular M\u00f6nkebergstra\u00dfe and Lange Reihe are reachable from the hotel within walking distance.<\/p>\n<p>But also the foyer on the north side of the central station building has many dining, shopping and service facilities and is seven days a week open.<\/p>\n<p>Especially the Jungfernstieg with adjoining Alster is highly recommended. In warm weather, the shore is perfect for a nice walk.<\/p>\n<p>Hamburg City offers something for everyone and has many beautiful places to see and to discover!<\/div><\/div>[\/vc_column][vc_column width=&#8221;1\/2&#8243;]<div id=\"ultimate-heading-264569f0e53941fec\" class=\"uvc-heading ult-adjust-bottom-margin ultimate-heading-264569f0e53941fec uvc-4632 \" data-hspacer=\"no_spacer\"  data-halign=\"left\" style=\"text-align:left\"><div class=\"uvc-heading-spacer no_spacer\" style=\"top\"><\/div><div class=\"uvc-main-heading ult-responsive\"  data-ultimate-target='.uvc-heading.ultimate-heading-264569f0e53941fec h2'  data-responsive-json-new='{\"font-size\":\"desktop:14px;\",\"line-height\":\"\"}' ><h2 style=\"font-weight:normal;\">Distance information:<\/h2><\/div><div class=\"uvc-sub-heading ult-responsive\"  data-ultimate-target='.uvc-heading.ultimate-heading-264569f0e53941fec .uvc-sub-heading '  data-responsive-json-new='{\"font-size\":\"\",\"line-height\":\"\"}'  style=\"font-weight:normal;\"><\/p>\n<ul>\n<li>Central station\/ railway connections to airport, exihibitions etc. 0,1 Km<\/li>\n<li>Central station\/ intercity bus terminal (ZOB) 0,2 Km<\/li>\n<\/ul>\n<p><\/div><\/div>[vc_gmaps link=&#8221;#E-8_JTNDaWZyYW1lJTIwc3JjJTNEJTIyaHR0cHMlM0ElMkYlMkZ3d3cuZ29vZ2xlLmNvbSUyRm1hcHMlMkZlbWJlZCUzRnBiJTNEJTIxMW0xOCUyMTFtMTIlMjExbTMlMjExZDIzNzAuMTkzMjkzNTY3MDg1NyUyMTJkMTAuMDA3OTg3MzE2MDA3OTcyJTIxM2Q1My41NTQzMTY4NjY4MTM3NjQlMjEybTMlMjExZjAlMjEyZjAlMjEzZjAlMjEzbTIlMjExaTEwMjQlMjEyaTc2OCUyMTRmMTMuMSUyMTNtMyUyMTFtMiUyMTFzMHg0N2IxOGVlNzIxMmM1NDdiJTI1M0EweGJhZmU4MDRiNWRiMGRlYmQlMjEyc0VsbG1lbnJlaWNoc3RyYSUyNUMzJTI1OUZlJTJCMjIlMjUyQyUyQjIwMDk5JTJCSGFtYnVyZyUyMTVlMCUyMTNtMiUyMTFzZGUlMjEyc2RlJTIxNHYxNDY2NTQxNTg3NTk4JTIyJTIwd2lkdGglM0QlMjI2MDAlMjIlMjBoZWlnaHQlM0QlMjI0NTAlMjIlMjBmcmFtZWJvcmRlciUzRCUyMjAlMjIlMjBzdHlsZSUzRCUyMmJvcmRlciUzQTAlMjIlMjBhbGxvd2Z1bGxzY3JlZW4lM0UlM0MlMkZpZnJhbWUlM0U=&#8221;][\/vc_column][\/vc_row]<\/p>\n","protected":false},"excerpt":{"rendered":"<p>[vc_row][vc_column width=&#8221;1\/2&#8243;][\/vc_column][vc_column width=&#8221;1\/2&#8243;][vc_gmaps link=&#8221;#E-8_JTNDaWZyYW1lJTIwc3JjJTNEJTIyaHR0cHMlM0ElMkYlMkZ3d3cuZ29vZ2xlLmNvbSUyRm1hcHMlMkZlbWJlZCUzRnBiJTNEJTIxMW0xOCUyMTFtMTIlMjExbTMlMjExZDIzNzAuMTkzMjkzNTY3MDg1NyUyMTJkMTAuMDA3OTg3MzE2MDA3OTcyJTIxM2Q1My41NTQzMTY4NjY4MTM3NjQlMjEybTMlMjExZjAlMjEyZjAlMjEzZjAlMjEzbTIlMjExaTEwMjQlMjEyaTc2OCUyMTRmMTMuMSUyMTNtMyUyMTFtMiUyMTFzMHg0N2IxOGVlNzIxMmM1NDdiJTI1M0EweGJhZmU4MDRiNWRiMGRlYmQlMjEyc0VsbG1lbnJlaWNoc3RyYSUyNUMzJTI1OUZlJTJCMjIlMjUyQyUyQjIwMDk5JTJCSGFtYnVyZyUyMTVlMCUyMTNtMiUyMTFzZGUlMjEyc2RlJTIxNHYxNDY2NTQxNTg3NTk4JTIyJTIwd2lkdGglM0QlMjI2MDAlMjIlMjBoZWlnaHQlM0QlMjI0NTAlMjIlMjBmcmFtZWJvcmRlciUzRCUyMjAlMjIlMjBzdHlsZSUzRCUyMmJvcmRlciUzQTAlMjIlMjBhbGxvd2Z1bGxzY3JlZW4lM0UlM0MlMkZpZnJhbWUlM0U=&#8221;][\/vc_column][\/vc_row]<\/p>\n","protected":false},"author":1,"featured_media":0,"parent":0,"menu_order":0,"comment_status":"closed","ping_status":"closed","template":"","meta":[],"class_list":["post-139","page","type-page","status-publish","hentry","description-off"],"_links":{"self":[{"href":"https:\/\/hotelcity-hamburg.de\/en\/wp-json\/wp\/v2\/pages\/139","targetHints":{"allow":["GET"]}}],"collection":[{"href":"https:\/\/hotelcity-hamburg.de\/en\/wp-json\/wp\/v2\/pages"}],"about":[{"href":"https:\/\/hotelcity-hamburg.de\/en\/wp-json\/wp\/v2\/types\/page"}],"author":[{"embeddable":true,"href":"https:\/\/hotelcity-hamburg.de\/en\/wp-json\/wp\/v2\/users\/1"}],"replies":[{"embeddable":true,"href":"https:\/\/hotelcity-hamburg.de\/en\/wp-json\/wp\/v2\/comments?post=139"}],"version-history":[{"count":9,"href":"https:\/\/hotelcity-hamburg.de\/en\/wp-json\/wp\/v2\/pages\/139\/revisions"}],"predecessor-version":[{"id":214,"href":"https:\/\/hotelcity-hamburg.de\/en\/wp-json\/wp\/v2\/pages\/139\/revisions\/214"}],"wp:attachment":[{"href":"https:\/\/hotelcity-hamburg.de\/en\/wp-json\/wp\/v2\/media?parent=139"}],"curies":[{"name":"wp","href":"https:\/\/api.w.org\/{rel}","templated":true}]}}