{"id":233,"date":"2016-06-22T07:34:18","date_gmt":"2016-06-22T07:34:18","guid":{"rendered":"https:\/\/hotelcity-hamburg.de\/en\/awe-booking-check\/"},"modified":"2016-06-22T07:42:42","modified_gmt":"2016-06-22T07:42:42","slug":"awe-booking-check","status":"publish","type":"page","link":"https:\/\/hotelcity-hamburg.de\/en\/awe-booking-check\/","title":{"rendered":"AWE Verf\u00fcgbar \u00dcberpr\u00fcfen (en)"},"content":{"rendered":"","protected":false},"excerpt":{"rendered":"","protected":false},"author":1,"featured_media":0,"parent":0,"menu_order":0,"comment_status":"closed","ping_status":"closed","template":"","meta":[],"class_list":["post-233","page","type-page","status-publish","hentry","description-off"],"_links":{"self":[{"href":"https:\/\/hotelcity-hamburg.de\/en\/wp-json\/wp\/v2\/pages\/233","targetHints":{"allow":["GET"]}}],"collection":[{"href":"https:\/\/hotelcity-hamburg.de\/en\/wp-json\/wp\/v2\/pages"}],"about":[{"href":"https:\/\/hotelcity-hamburg.de\/en\/wp-json\/wp\/v2\/types\/page"}],"author":[{"embeddable":true,"href":"https:\/\/hotelcity-hamburg.de\/en\/wp-json\/wp\/v2\/users\/1"}],"replies":[{"embeddable":true,"href":"https:\/\/hotelcity-hamburg.de\/en\/wp-json\/wp\/v2\/comments?post=233"}],"version-history":[{"count":1,"href":"https:\/\/hotelcity-hamburg.de\/en\/wp-json\/wp\/v2\/pages\/233\/revisions"}],"predecessor-version":[{"id":236,"href":"https:\/\/hotelcity-hamburg.de\/en\/wp-json\/wp\/v2\/pages\/233\/revisions\/236"}],"wp:attachment":[{"href":"https:\/\/hotelcity-hamburg.de\/en\/wp-json\/wp\/v2\/media?parent=233"}],"curies":[{"name":"wp","href":"https:\/\/api.w.org\/{rel}","templated":true}]}}